{"id":1290,"date":"2022-07-05T15:10:49","date_gmt":"2022-07-05T13:10:49","guid":{"rendered":"https:\/\/www.rhodius-mineralquellen.de\/?page_id=1290"},"modified":"2023-04-04T13:18:54","modified_gmt":"2023-04-04T11:18:54","slug":"transportverpackung","status":"publish","type":"page","link":"https:\/\/test-wp.rhodius-mineralquellen.de\/de\/transportverpackung\/","title":{"rendered":"TVP"},"content":{"rendered":"\t\t<div data-elementor-type=\"wp-page\" data-elementor-id=\"1290\" class=\"elementor elementor-1290\">\n\t\t\t\t\t\t\t\t\t<section class=\"elementor-section elementor-top-section elementor-element elementor-element-7b55a24 elementor-section-boxed elementor-section-height-default elementor-section-height-default\" data-id=\"7b55a24\" data-element_type=\"section\" data-settings=\"{&quot;background_background&quot;:&quot;classic&quot;}\">\n\t\t\t\t\t\t<div class=\"elementor-container elementor-column-gap-default\">\n\t\t\t\t\t<div class=\"elementor-column elementor-col-100 elementor-top-column elementor-element elementor-element-6ed0172\" data-id=\"6ed0172\" data-element_type=\"column\">\n\t\t\t<div class=\"elementor-widget-wrap elementor-element-populated\">\n\t\t\t\t\t\t\t\t<div class=\"elementor-element elementor-element-450928a elementor-widget elementor-widget-heading\" data-id=\"450928a\" data-element_type=\"widget\" data-widget_type=\"heading.default\">\n\t\t\t\t<div class=\"elementor-widget-container\">\n\t\t\t<h1 class=\"elementor-heading-title elementor-size-default\">Transportverpackung<\/h1>\t\t<\/div>\n\t\t\t\t<\/div>\n\t\t\t\t\t<\/div>\n\t\t<\/div>\n\t\t\t\t\t\t\t<\/div>\n\t\t<\/section>\n\t\t\t\t<section class=\"elementor-section elementor-top-section elementor-element elementor-element-dfbc648 elementor-section-boxed elementor-section-height-default elementor-section-height-default\" data-id=\"dfbc648\" data-element_type=\"section\" data-settings=\"{&quot;background_background&quot;:&quot;classic&quot;}\">\n\t\t\t\t\t\t<div class=\"elementor-container elementor-column-gap-default\">\n\t\t\t\t\t<div class=\"elementor-column elementor-col-100 elementor-top-column elementor-element elementor-element-4f9c396\" data-id=\"4f9c396\" data-element_type=\"column\">\n\t\t\t<div class=\"elementor-widget-wrap elementor-element-populated\">\n\t\t\t\t\t\t\t\t<div class=\"elementor-element elementor-element-be1c265 elementor-widget elementor-widget-text-editor\" data-id=\"be1c265\" data-element_type=\"widget\" data-widget_type=\"text-editor.default\">\n\t\t\t\t<div class=\"elementor-widget-container\">\n\t\t\t\t\t\t\t<p><span style=\"font-family: Montserrat, sans-serif; font-size: 14px; font-style: normal; font-variant-ligatures: normal; font-variant-caps: normal; font-weight: 400;\">Wir die Firma RHODIUS Mineralquellen und Getr\u00e4nke GmbH &amp; Co. KG weisen darauf hin, dass s\u00e4mtliche gebrauchte, restentleerte Verpackungen i.S.d. \u00a7 15 Abs. 1 VerpackG der gleiche Art, Form und Gr\u00f6\u00dfe wie die von uns verwendeten Verpackungen am Ort der \u00dcbergabe oder in dessen unmittelbarer N\u00e4he unentgeltlich zur\u00fcckgegeben werden k\u00f6nnen.<\/span><b><br \/><\/b><\/p><p><span style=\"font-family: Montserrat, sans-serif; font-size: 14px; font-style: normal; font-variant-ligatures: normal; font-variant-caps: normal; font-weight: 400;\">Bei Bedarf k\u00f6nnen Sie die von uns erhaltenen Transportverpackungen \u00fcber die nachfolgenden Kontaktdaten bei dem von uns beauftragen Dienstleister zur Entsorung anmelden:<\/span><\/p><p>Reclay Systems GmbH<br \/>Telefon-Hotline: +49 (221) 580098 111<br \/>Email: transportverpackungen@reclay-group.com<\/p><p>\u00a0<\/p>\t\t\t\t\t\t<\/div>\n\t\t\t\t<\/div>\n\t\t\t\t\t<\/div>\n\t\t<\/div>\n\t\t\t\t\t\t\t<\/div>\n\t\t<\/section>\n\t\t\t\t\t\t\t<\/div>\n\t\t","protected":false},"excerpt":{"rendered":"<p>Transportverpackung Wir die Firma RHODIUS Mineralquellen und Getr\u00e4nke GmbH &amp; Co. KG weisen darauf hin, dass s\u00e4mtliche gebrauchte, restentleerte Verpackungen i.S.d. \u00a7 15 Abs. 1 VerpackG der gleiche Art, Form und Gr\u00f6\u00dfe wie die von uns verwendeten Verpackungen am Ort der \u00dcbergabe oder in dessen unmittelbarer N\u00e4he unentgeltlich zur\u00fcckgegeben werden k\u00f6nnen. Bei Bedarf k\u00f6nnen Sie [&hellip;]<\/p>\n","protected":false},"author":1,"featured_media":0,"parent":0,"menu_order":230,"comment_status":"closed","ping_status":"closed","template":"","meta":{"footnotes":""},"_links":{"self":[{"href":"https:\/\/test-wp.rhodius-mineralquellen.de\/de\/wp-json\/wp\/v2\/pages\/1290"}],"collection":[{"href":"https:\/\/test-wp.rhodius-mineralquellen.de\/de\/wp-json\/wp\/v2\/pages"}],"about":[{"href":"https:\/\/test-wp.rhodius-mineralquellen.de\/de\/wp-json\/wp\/v2\/types\/page"}],"author":[{"embeddable":true,"href":"https:\/\/test-wp.rhodius-mineralquellen.de\/de\/wp-json\/wp\/v2\/users\/1"}],"replies":[{"embeddable":true,"href":"https:\/\/test-wp.rhodius-mineralquellen.de\/de\/wp-json\/wp\/v2\/comments?post=1290"}],"version-history":[{"count":8,"href":"https:\/\/test-wp.rhodius-mineralquellen.de\/de\/wp-json\/wp\/v2\/pages\/1290\/revisions"}],"predecessor-version":[{"id":1299,"href":"https:\/\/test-wp.rhodius-mineralquellen.de\/de\/wp-json\/wp\/v2\/pages\/1290\/revisions\/1299"}],"wp:attachment":[{"href":"https:\/\/test-wp.rhodius-mineralquellen.de\/de\/wp-json\/wp\/v2\/media?parent=1290"}],"curies":[{"name":"wp","href":"https:\/\/api.w.org\/{rel}","templated":true}]}}