{"id":28,"date":"2020-06-05T07:22:46","date_gmt":"2020-06-05T05:22:46","guid":{"rendered":"https:\/\/test-wp.rhodius-mineralquellen.de\/?page_id=28"},"modified":"2022-07-11T13:30:18","modified_gmt":"2022-07-11T11:30:18","slug":"nachhaltigkeit","status":"publish","type":"page","link":"https:\/\/test-wp.rhodius-mineralquellen.de\/de\/nachhaltigkeit\/","title":{"rendered":"Nachhaltigkeit"},"content":{"rendered":"\t\t<div data-elementor-type=\"wp-page\" data-elementor-id=\"28\" class=\"elementor elementor-28\">\n\t\t\t\t\t\t\t\t\t<section class=\"elementor-section elementor-top-section elementor-element elementor-element-071bd1a elementor-section-height-min-height elementor-section-items-top elementor-section-content-top elementor-section-full_width elementor-section-height-default\" data-id=\"071bd1a\" data-element_type=\"section\">\n\t\t\t\t\t\t\t<div class=\"elementor-background-overlay\"><\/div>\n\t\t\t\t\t\t\t<div class=\"elementor-container elementor-column-gap-default\">\n\t\t\t\t\t<div class=\"elementor-column elementor-col-100 elementor-top-column elementor-element elementor-element-36ea943\" data-id=\"36ea943\" data-element_type=\"column\">\n\t\t\t<div class=\"elementor-widget-wrap elementor-element-populated\">\n\t\t\t\t\t\t\t\t<div class=\"elementor-element elementor-element-e79a289 elementor-widget elementor-widget-heading\" data-id=\"e79a289\" data-element_type=\"widget\" id=\"nachhaltigkeit-txt\" data-widget_type=\"heading.default\">\n\t\t\t\t<div class=\"elementor-widget-container\">\n\t\t\t<h1 class=\"elementor-heading-title elementor-size-default\">Nachhaltigkeit<\/h1>\t\t<\/div>\n\t\t\t\t<\/div>\n\t\t\t\t\t<\/div>\n\t\t<\/div>\n\t\t\t\t\t\t\t<\/div>\n\t\t<\/section>\n\t\t\t\t<section class=\"elementor-section elementor-top-section elementor-element elementor-element-964cb77 elementor-section-boxed elementor-section-height-default elementor-section-height-default\" data-id=\"964cb77\" data-element_type=\"section\">\n\t\t\t\t\t\t<div class=\"elementor-container elementor-column-gap-default\">\n\t\t\t\t\t<div class=\"elementor-column elementor-col-100 elementor-top-column elementor-element elementor-element-0ec6a95\" data-id=\"0ec6a95\" data-element_type=\"column\">\n\t\t\t<div class=\"elementor-widget-wrap elementor-element-populated\">\n\t\t\t\t\t\t\t\t<div class=\"elementor-element elementor-element-60a8cff elementor-widget elementor-widget-image\" data-id=\"60a8cff\" data-element_type=\"widget\" id=\"nachhaltigkeit-logo-co2\" data-widget_type=\"image.default\">\n\t\t\t\t<div class=\"elementor-widget-container\">\n\t\t\t\t\t\t\t\t\t\t\t\t\t\t\t<img decoding=\"async\" src=\"https:\/\/test-wp.rhodius-mineralquellen.de\/wp-content\/uploads\/elementor\/thumbs\/191114_SK_rhodius-logo-co2-neutral-1-p0wtco9gt8wnu6vwcrega6jrw9rwky9xvtwbphin6i.png\" title=\"191114_SK_rhodius-logo-co2-neutral-1\" alt=\"191114_SK_rhodius-logo-co2-neutral-1\" loading=\"lazy\" \/>\t\t\t\t\t\t\t\t\t\t\t\t\t\t\t<\/div>\n\t\t\t\t<\/div>\n\t\t\t\t\t<\/div>\n\t\t<\/div>\n\t\t\t\t\t\t\t<\/div>\n\t\t<\/section>\n\t\t\t\t<section class=\"elementor-section elementor-top-section elementor-element elementor-element-4479e48 elementor-section-boxed elementor-section-height-default elementor-section-height-default\" data-id=\"4479e48\" data-element_type=\"section\">\n\t\t\t\t\t\t<div class=\"elementor-container elementor-column-gap-default\">\n\t\t\t\t\t<div class=\"elementor-column elementor-col-100 elementor-top-column elementor-element elementor-element-fb2b957\" data-id=\"fb2b957\" data-element_type=\"column\">\n\t\t\t<div class=\"elementor-widget-wrap elementor-element-populated\">\n\t\t\t\t\t\t\t\t<div class=\"elementor-element elementor-element-8521e27 elementor-widget elementor-widget-heading\" data-id=\"8521e27\" data-element_type=\"widget\" data-widget_type=\"heading.default\">\n\t\t\t\t<div class=\"elementor-widget-container\">\n\t\t\t<h6 class=\"elementor-heading-title elementor-size-default\">RHODIUS IST EIN ZU 100 %<br>CO<sub style=\"font-size:0.7em\">2<\/sub>-KOMPENSIERTEs UNTERNEHMEN<\/h6>\t\t<\/div>\n\t\t\t\t<\/div>\n\t\t\t\t<section class=\"elementor-section elementor-inner-section elementor-element elementor-element-0a860e5 elementor-section-boxed elementor-section-height-default elementor-section-height-default\" data-id=\"0a860e5\" data-element_type=\"section\">\n\t\t\t\t\t\t<div class=\"elementor-container elementor-column-gap-default\">\n\t\t\t\t\t<div class=\"elementor-column elementor-col-50 elementor-inner-column elementor-element elementor-element-731684c\" data-id=\"731684c\" data-element_type=\"column\">\n\t\t\t<div class=\"elementor-widget-wrap elementor-element-populated\">\n\t\t\t\t\t\t\t\t<div class=\"elementor-element elementor-element-b0e44e2 elementor-widget elementor-widget-text-editor\" data-id=\"b0e44e2\" data-element_type=\"widget\" data-widget_type=\"text-editor.default\">\n\t\t\t\t<div class=\"elementor-widget-container\">\n\t\t\t\t\t\t\t<p>Unsere Mitinhaberin und Gesch\u00e4ftsf\u00fchrerin Frauke Helf ist Nachhaltigkeitsbeauftragte bei RHODIUS und f\u00fchrt ein 9-k\u00f6pfiges\u00a0<br \/><span style=\"font-size: 14px;\">Team, das sich aus allen Unternehmensbereichen zusammensetzt.<\/span><\/p><p>Das Nachhaltigkeitsteam identifiziert in regelm\u00e4\u00dfigen Treffen Einsparpotentiale aller Unternehmensbereiche und hinterfragt dabei den Arbeitsalltag jedes Einzelnen im Hinblick auf eine <br \/>nachhaltigere Ausrichtung.<\/p><p>Dabei werden klare Ziele festgelegt, deren Erreichung viertelj\u00e4hrlich kontrolliert wird. Alle unsere Ma\u00dfnahmen werden in einem Nachhaltigkeitsbericht dokumentiert, der sich nach den Standards des Deutschen Nachhaltigkeitskodex richtet.<\/p>\t\t\t\t\t\t<\/div>\n\t\t\t\t<\/div>\n\t\t\t\t\t<\/div>\n\t\t<\/div>\n\t\t\t\t<div class=\"elementor-column elementor-col-50 elementor-inner-column elementor-element elementor-element-d1dd7f5\" data-id=\"d1dd7f5\" data-element_type=\"column\">\n\t\t\t<div class=\"elementor-widget-wrap elementor-element-populated\">\n\t\t\t\t\t\t\t\t<div class=\"elementor-element elementor-element-535cf31 elementor-widget elementor-widget-image\" data-id=\"535cf31\" data-element_type=\"widget\" data-widget_type=\"image.default\">\n\t\t\t\t<div class=\"elementor-widget-container\">\n\t\t\t\t\t\t\t\t\t\t\t\t\t\t\t<img decoding=\"async\" src=\"https:\/\/test-wp.rhodius-mineralquellen.de\/wp-content\/uploads\/elementor\/thumbs\/logo-nachhaltigkkeitskodex-oqpdfra6k5nwqui6mzh7ibir722o05dxfhir4j9ohs.png\" title=\"logo-nachhaltigkkeitskodex\" alt=\"logo-nachhaltigkkeitskodex\" loading=\"lazy\" \/>\t\t\t\t\t\t\t\t\t\t\t\t\t\t\t<\/div>\n\t\t\t\t<\/div>\n\t\t\t\t<div class=\"elementor-element elementor-element-404fefc elementor-widget elementor-widget-heading\" data-id=\"404fefc\" data-element_type=\"widget\" data-widget_type=\"heading.default\">\n\t\t\t\t<div class=\"elementor-widget-container\">\n\t\t\t<h2 class=\"elementor-heading-title elementor-size-default\"><a href=\"https:\/\/www.rhodius-mineralquellen.de\/wp-content\/uploads\/DNK_2020_Rhodius-Mineralquellen-und-Getraenke-GmbH-Co.-KG-2.pdf\" target=\"_blank\">Nachhaltigkeitsbericht<\/a><\/h2>\t\t<\/div>\n\t\t\t\t<\/div>\n\t\t\t\t\t<\/div>\n\t\t<\/div>\n\t\t\t\t\t\t\t<\/div>\n\t\t<\/section>\n\t\t\t\t<div class=\"elementor-element elementor-element-0356945 elementor-widget elementor-widget-heading\" data-id=\"0356945\" data-element_type=\"widget\" data-widget_type=\"heading.default\">\n\t\t\t\t<div class=\"elementor-widget-container\">\n\t\t\t<h1 class=\"elementor-heading-title elementor-size-default\">Nachhaltigkeit ist bei uns messbar<\/h1>\t\t<\/div>\n\t\t\t\t<\/div>\n\t\t\t\t<section class=\"elementor-section elementor-inner-section elementor-element elementor-element-b3025b7 elementor-section-boxed elementor-section-height-default elementor-section-height-default\" data-id=\"b3025b7\" data-element_type=\"section\">\n\t\t\t\t\t\t<div class=\"elementor-container elementor-column-gap-default\">\n\t\t\t\t\t<div class=\"elementor-column elementor-col-50 elementor-inner-column elementor-element elementor-element-bc1bfab\" data-id=\"bc1bfab\" data-element_type=\"column\">\n\t\t\t<div class=\"elementor-widget-wrap elementor-element-populated\">\n\t\t\t\t\t\t\t\t<div class=\"elementor-element elementor-element-8cfc649 elementor-widget elementor-widget-image\" data-id=\"8cfc649\" data-element_type=\"widget\" data-widget_type=\"image.default\">\n\t\t\t\t<div class=\"elementor-widget-container\">\n\t\t\t\t\t\t\t\t\t\t\t\t\t\t\t<img decoding=\"async\" loading=\"lazy\" width=\"1200\" height=\"676\" src=\"https:\/\/test-wp.rhodius-mineralquellen.de\/wp-content\/uploads\/RHODIUS-CO2-Fussabdruck-34_reduziert-2020.jpg\" class=\"attachment-large size-large wp-image-1115\" alt=\"\" srcset=\"https:\/\/test-wp.rhodius-mineralquellen.de\/wp-content\/uploads\/RHODIUS-CO2-Fussabdruck-34_reduziert-2020.jpg 1772w, https:\/\/test-wp.rhodius-mineralquellen.de\/wp-content\/uploads\/RHODIUS-CO2-Fussabdruck-34_reduziert-2020-900x507.jpg 900w, https:\/\/test-wp.rhodius-mineralquellen.de\/wp-content\/uploads\/RHODIUS-CO2-Fussabdruck-34_reduziert-2020-768x433.jpg 768w, https:\/\/test-wp.rhodius-mineralquellen.de\/wp-content\/uploads\/RHODIUS-CO2-Fussabdruck-34_reduziert-2020-1536x865.jpg 1536w, https:\/\/test-wp.rhodius-mineralquellen.de\/wp-content\/uploads\/RHODIUS-CO2-Fussabdruck-34_reduziert-2020-16x9.jpg 16w\" sizes=\"(max-width: 1200px) 100vw, 1200px\" \/>\t\t\t\t\t\t\t\t\t\t\t\t\t\t\t<\/div>\n\t\t\t\t<\/div>\n\t\t\t\t\t<\/div>\n\t\t<\/div>\n\t\t\t\t<div class=\"elementor-column elementor-col-50 elementor-inner-column elementor-element elementor-element-17bc443\" data-id=\"17bc443\" data-element_type=\"column\">\n\t\t\t<div class=\"elementor-widget-wrap elementor-element-populated\">\n\t\t\t\t\t\t\t\t<div class=\"elementor-element elementor-element-e507bc9 elementor-widget elementor-widget-text-editor\" data-id=\"e507bc9\" data-element_type=\"widget\" data-widget_type=\"text-editor.default\">\n\t\t\t\t<div class=\"elementor-widget-container\">\n\t\t\t\t\t\t\t<p>In den letzten Jahren konnten wir unseren relativen CO<sub style=\"font-size: 0.7em;\">2<\/sub>-Aussto\u00df durch verschiedene Ma\u00dfnahmen, die wir Ihnen unten genauer vorstellen, bereits seit 2018 um 34 % verringern!<\/p><p><span style=\"font-size: 14px;\">Dar\u00fcber hinaus trugen aber auch viele weitere Einsparpotenziale aus allen Unternehmensbereichen, die gemeinsam mit den Mitarbeitern identifiziert und kontinuierlich verfolgt werden, zur ganzheitlichen Verringerung der CO<\/span><sub style=\"font-size: 0.7em;\">2<\/sub><span style=\"font-size: 14px;\">-Emissionen bei. Unter anderem wurde auf recycelbares Verpackungsmaterial umgestellt, in der Logistik E-Stapler angeschafft und diverse Digitalisierungsma\u00dfnahmen realisiert.<\/span><br><\/p>\n<p><span style=\"font-size: 14px;\">RHODIUS kann zudem seit vielen Jahren ein zertifiziertes Energiemanagement nach DIN EN ISO 50.001 nachweisen.<\/span><\/p>\t\t\t\t\t\t<\/div>\n\t\t\t\t<\/div>\n\t\t\t\t\t<\/div>\n\t\t<\/div>\n\t\t\t\t\t\t\t<\/div>\n\t\t<\/section>\n\t\t\t\t\t<\/div>\n\t\t<\/div>\n\t\t\t\t\t\t\t<\/div>\n\t\t<\/section>\n\t\t\t\t<section class=\"elementor-section elementor-top-section elementor-element elementor-element-7eef981 elementor-section-boxed elementor-section-height-default elementor-section-height-default\" data-id=\"7eef981\" data-element_type=\"section\">\n\t\t\t\t\t\t<div class=\"elementor-container elementor-column-gap-narrow\">\n\t\t\t\t\t<div class=\"elementor-column elementor-col-33 elementor-top-column elementor-element elementor-element-3aadf3c\" data-id=\"3aadf3c\" data-element_type=\"column\">\n\t\t\t<div class=\"elementor-widget-wrap elementor-element-populated\">\n\t\t\t\t\t\t\t\t<div class=\"elementor-element elementor-element-ce6bf21 elementor-widget elementor-widget-heading\" data-id=\"ce6bf21\" data-element_type=\"widget\" data-widget_type=\"heading.default\">\n\t\t\t\t<div class=\"elementor-widget-container\">\n\t\t\t<h2 class=\"elementor-heading-title elementor-size-default\">CO<sub style=\"font-size:0.7em\">2<\/sub> vermeiden<\/h2>\t\t<\/div>\n\t\t\t\t<\/div>\n\t\t\t\t<div class=\"elementor-element elementor-element-1157239 rh-co2-textbox elementor-widget elementor-widget-text-editor\" data-id=\"1157239\" data-element_type=\"widget\" data-widget_type=\"text-editor.default\">\n\t\t\t\t<div class=\"elementor-widget-container\">\n\t\t\t\t\t\t\tWo immer es m\u00f6glich ist, vermeiden wir schon heute den Aussto\u00df von CO<sub style=\"font-size:0.7em\">2<\/sub>. Zum Beispiel durch die Umstellung auf <strong>100 % \u00d6kostrom.<\/strong>\t\t\t\t\t\t<\/div>\n\t\t\t\t<\/div>\n\t\t\t\t<div class=\"elementor-element elementor-element-7f5633b elementor-widget elementor-widget-image\" data-id=\"7f5633b\" data-element_type=\"widget\" data-widget_type=\"image.default\">\n\t\t\t\t<div class=\"elementor-widget-container\">\n\t\t\t\t\t\t\t\t\t\t\t\t\t\t\t<img decoding=\"async\" loading=\"lazy\" width=\"400\" height=\"400\" src=\"https:\/\/test-wp.rhodius-mineralquellen.de\/wp-content\/uploads\/rhodius-mineralquellen-co2-vermeiden.png\" class=\"attachment-large size-large wp-image-170\" alt=\"\" \/>\t\t\t\t\t\t\t\t\t\t\t\t\t\t\t<\/div>\n\t\t\t\t<\/div>\n\t\t\t\t\t<\/div>\n\t\t<\/div>\n\t\t\t\t<div class=\"elementor-column elementor-col-33 elementor-top-column elementor-element elementor-element-f8db517\" data-id=\"f8db517\" data-element_type=\"column\">\n\t\t\t<div class=\"elementor-widget-wrap elementor-element-populated\">\n\t\t\t\t\t\t\t\t<div class=\"elementor-element elementor-element-a612b0a elementor-widget elementor-widget-heading\" data-id=\"a612b0a\" data-element_type=\"widget\" data-widget_type=\"heading.default\">\n\t\t\t\t<div class=\"elementor-widget-container\">\n\t\t\t<h2 class=\"elementor-heading-title elementor-size-default\">CO<sub style=\"font-size:0.7em\">2<\/sub> Verringern<\/h2>\t\t<\/div>\n\t\t\t\t<\/div>\n\t\t\t\t<div class=\"elementor-element elementor-element-2616909 rh-co2-textbox elementor-widget elementor-widget-text-editor\" data-id=\"2616909\" data-element_type=\"widget\" data-widget_type=\"text-editor.default\">\n\t\t\t\t<div class=\"elementor-widget-container\">\n\t\t\t\t\t\t\tDort, wo CO<sub style=\"font-size:0.7em\">2<\/sub> noch nicht ganz vermieden werden kann, verringern wir es stetig durch Investitionen in <strong>nachhaltige Produktionstechnologien.<\/strong>\t\t\t\t\t\t<\/div>\n\t\t\t\t<\/div>\n\t\t\t\t<div class=\"elementor-element elementor-element-4b5ddf6 elementor-widget elementor-widget-image\" data-id=\"4b5ddf6\" data-element_type=\"widget\" data-widget_type=\"image.default\">\n\t\t\t\t<div class=\"elementor-widget-container\">\n\t\t\t\t\t\t\t\t\t\t\t\t\t\t\t<img decoding=\"async\" loading=\"lazy\" width=\"400\" height=\"400\" src=\"https:\/\/test-wp.rhodius-mineralquellen.de\/wp-content\/uploads\/rhodius-mineralquellen-co2-verringern.png\" class=\"attachment-large size-large wp-image-171\" alt=\"\" \/>\t\t\t\t\t\t\t\t\t\t\t\t\t\t\t<\/div>\n\t\t\t\t<\/div>\n\t\t\t\t\t<\/div>\n\t\t<\/div>\n\t\t\t\t<div class=\"elementor-column elementor-col-33 elementor-top-column elementor-element elementor-element-3d4a55f\" data-id=\"3d4a55f\" data-element_type=\"column\">\n\t\t\t<div class=\"elementor-widget-wrap elementor-element-populated\">\n\t\t\t\t\t\t\t\t<div class=\"elementor-element elementor-element-78e8f02 elementor-widget elementor-widget-heading\" data-id=\"78e8f02\" data-element_type=\"widget\" data-widget_type=\"heading.default\">\n\t\t\t\t<div class=\"elementor-widget-container\">\n\t\t\t<h2 class=\"elementor-heading-title elementor-size-default\">CO<sub style=\"font-size:0.7em\">2<\/sub> Kompensieren<\/h2>\t\t<\/div>\n\t\t\t\t<\/div>\n\t\t\t\t<div class=\"elementor-element elementor-element-87e72b6 rh-co2-textbox elementor-widget elementor-widget-text-editor\" data-id=\"87e72b6\" data-element_type=\"widget\" data-widget_type=\"text-editor.default\">\n\t\t\t\t<div class=\"elementor-widget-container\">\n\t\t\t\t\t\t\tDen unvermeidlichen Rest an CO<sub style=\"font-size:0.7em\">2<\/sub> gleichen wir durch ein <strong>zertifizierte Klimaschutzprojekte<\/strong> aus.\n<a href=\"https:\/\/www.climateline.org\/40187.html\" target=\"_blank\" rel=\"noopener\">www.climateline.org\/40187<\/a>\t\t\t\t\t\t<\/div>\n\t\t\t\t<\/div>\n\t\t\t\t<div class=\"elementor-element elementor-element-a081dd2 elementor-widget elementor-widget-image\" data-id=\"a081dd2\" data-element_type=\"widget\" data-widget_type=\"image.default\">\n\t\t\t\t<div class=\"elementor-widget-container\">\n\t\t\t\t\t\t\t\t\t\t\t\t\t\t\t<img decoding=\"async\" loading=\"lazy\" width=\"400\" height=\"400\" src=\"https:\/\/test-wp.rhodius-mineralquellen.de\/wp-content\/uploads\/rhodius-mineralquellen-co2-kompensieren.png\" class=\"attachment-large size-large wp-image-169\" alt=\"\" \/>\t\t\t\t\t\t\t\t\t\t\t\t\t\t\t<\/div>\n\t\t\t\t<\/div>\n\t\t\t\t\t<\/div>\n\t\t<\/div>\n\t\t\t\t\t\t\t<\/div>\n\t\t<\/section>\n\t\t\t\t\t\t\t<\/div>\n\t\t","protected":false},"excerpt":{"rendered":"<p>Nachhaltigkeit RHODIUS IST EIN ZU 100 %CO2-KOMPENSIERTEs UNTERNEHMEN Unsere Mitinhaberin und Gesch\u00e4ftsf\u00fchrerin Frauke Helf ist Nachhaltigkeitsbeauftragte bei RHODIUS und f\u00fchrt ein 9-k\u00f6pfiges\u00a0Team, das sich aus allen Unternehmensbereichen zusammensetzt. Das Nachhaltigkeitsteam identifiziert in regelm\u00e4\u00dfigen Treffen Einsparpotentiale aller Unternehmensbereiche und hinterfragt dabei den Arbeitsalltag jedes Einzelnen im Hinblick auf eine nachhaltigere Ausrichtung. Dabei werden klare Ziele festgelegt, [&hellip;]<\/p>\n","protected":false},"author":1,"featured_media":0,"parent":0,"menu_order":20,"comment_status":"closed","ping_status":"closed","template":"","meta":{"footnotes":""},"_links":{"self":[{"href":"https:\/\/test-wp.rhodius-mineralquellen.de\/de\/wp-json\/wp\/v2\/pages\/28"}],"collection":[{"href":"https:\/\/test-wp.rhodius-mineralquellen.de\/de\/wp-json\/wp\/v2\/pages"}],"about":[{"href":"https:\/\/test-wp.rhodius-mineralquellen.de\/de\/wp-json\/wp\/v2\/types\/page"}],"author":[{"embeddable":true,"href":"https:\/\/test-wp.rhodius-mineralquellen.de\/de\/wp-json\/wp\/v2\/users\/1"}],"replies":[{"embeddable":true,"href":"https:\/\/test-wp.rhodius-mineralquellen.de\/de\/wp-json\/wp\/v2\/comments?post=28"}],"version-history":[{"count":157,"href":"https:\/\/test-wp.rhodius-mineralquellen.de\/de\/wp-json\/wp\/v2\/pages\/28\/revisions"}],"predecessor-version":[{"id":1305,"href":"https:\/\/test-wp.rhodius-mineralquellen.de\/de\/wp-json\/wp\/v2\/pages\/28\/revisions\/1305"}],"wp:attachment":[{"href":"https:\/\/test-wp.rhodius-mineralquellen.de\/de\/wp-json\/wp\/v2\/media?parent=28"}],"curies":[{"name":"wp","href":"https:\/\/api.w.org\/{rel}","templated":true}]}}