{"id":34,"date":"2020-06-05T07:25:11","date_gmt":"2020-06-05T05:25:11","guid":{"rendered":"https:\/\/test-wp.rhodius-mineralquellen.de\/?page_id=34"},"modified":"2021-12-10T13:54:59","modified_gmt":"2021-12-10T12:54:59","slug":"lohnabfuellung","status":"publish","type":"page","link":"https:\/\/test-wp.rhodius-mineralquellen.de\/de\/lohnabfuellung\/","title":{"rendered":"Lohnabf\u00fcllung"},"content":{"rendered":"\t\t<div data-elementor-type=\"wp-page\" data-elementor-id=\"34\" class=\"elementor elementor-34\">\n\t\t\t\t\t\t\t\t\t<section class=\"elementor-section elementor-top-section elementor-element elementor-element-371e0ac elementor-section-height-min-height elementor-section-boxed elementor-section-height-default elementor-section-items-middle\" data-id=\"371e0ac\" data-element_type=\"section\" data-settings=\"{&quot;background_background&quot;:&quot;video&quot;,&quot;background_video_link&quot;:&quot;https:\\\/\\\/test-wp.rhodius-mineralquellen.de\\\/wp-content\\\/uploads\\\/loop-startseite.mp4&quot;,&quot;background_play_on_mobile&quot;:&quot;yes&quot;}\">\n\t\t\t\t\t\t\t\t<div class=\"elementor-background-video-container\">\n\t\t\t\t\t\t\t\t\t\t\t\t\t<video class=\"elementor-background-video-hosted elementor-html5-video\" autoplay muted playsinline loop><\/video>\n\t\t\t\t\t\t\t\t\t\t\t<\/div>\n\t\t\t\t\t\t\t\t\t<div class=\"elementor-background-overlay\"><\/div>\n\t\t\t\t\t\t\t<div class=\"elementor-container elementor-column-gap-default\">\n\t\t\t\t\t<div class=\"elementor-column elementor-col-100 elementor-top-column elementor-element elementor-element-874b4c6\" data-id=\"874b4c6\" data-element_type=\"column\">\n\t\t\t<div class=\"elementor-widget-wrap elementor-element-populated\">\n\t\t\t\t\t\t\t\t<div class=\"elementor-element elementor-element-2011129 elementor-widget elementor-widget-heading\" data-id=\"2011129\" data-element_type=\"widget\" data-widget_type=\"heading.default\">\n\t\t\t\t<div class=\"elementor-widget-container\">\n\t\t\t<h1 class=\"elementor-heading-title elementor-size-default\">Ihr Experte f\u00fcr Dosenabf\u00fcllung<\/h1>\t\t<\/div>\n\t\t\t\t<\/div>\n\t\t\t\t\t<\/div>\n\t\t<\/div>\n\t\t\t\t\t\t\t<\/div>\n\t\t<\/section>\n\t\t\t\t<section class=\"elementor-section elementor-top-section elementor-element elementor-element-5349af2 elementor-section-boxed elementor-section-height-default elementor-section-height-default\" data-id=\"5349af2\" data-element_type=\"section\">\n\t\t\t\t\t\t<div class=\"elementor-container elementor-column-gap-default\">\n\t\t\t\t\t<div class=\"elementor-column elementor-col-100 elementor-top-column elementor-element elementor-element-b96d508\" data-id=\"b96d508\" data-element_type=\"column\">\n\t\t\t<div class=\"elementor-widget-wrap elementor-element-populated\">\n\t\t\t\t\t\t\t\t<div class=\"elementor-element elementor-element-5f04916 elementor-widget elementor-widget-heading\" data-id=\"5f04916\" data-element_type=\"widget\" data-widget_type=\"heading.default\">\n\t\t\t\t<div class=\"elementor-widget-container\">\n\t\t\t<h2 class=\"elementor-heading-title elementor-size-default\">WENN ES UM LOHNABF\u00dcLLUNG GEHT GILT:<br>YOUR&nbsp;BRAND. OUR&nbsp;PASSION.<br><\/h2>\t\t<\/div>\n\t\t\t\t<\/div>\n\t\t\t\t<div class=\"elementor-element elementor-element-48a3777 elementor-widget elementor-widget-text-editor\" data-id=\"48a3777\" data-element_type=\"widget\" data-widget_type=\"text-editor.default\">\n\t\t\t\t<div class=\"elementor-widget-container\">\n\t\t\t\t\t\t\t<p>Unser Full-Service geht \u00fcber das reine Produkt weit hinaus: Sie bekommen von uns ein &#8222;all-in-packet&#8220; mit<br>\noffener, reaktionsschneller Kommunikation und Beratung \u2013 und zwar stets mit einem pers\u00f6nlichen Ansprechpartner.<\/p>\n<p>So profitieren Sie ohne Umwege von der direkten Zusammenarbeit mit Experten im Bereich Co-Packing, in<br>\nForm hoher Zuverl\u00e4ssigkeit und langj\u00e4hriger Erfahrung. Nicht zuletzt ist das Thema Nachhaltigkeit mit<br>\nunserem Qualit\u00e4tsversprechen eng verbunden und zahlt direkt auf Ihre Markenwerte ein:<br>\nDenn mit RHODIUS produzieren Sie zu 100 % CO<sub style=\"font-size:0.7em\">2<\/sub>-neutral.<\/p><p><strong style=\"font-size: 14px;\">Ergebnis: Qualit\u00e4t und Service auf h\u00f6chstem Niveau.<\/strong><br><\/p>\t\t\t\t\t\t<\/div>\n\t\t\t\t<\/div>\n\t\t\t\t<div class=\"elementor-element elementor-element-1fbe3b6 elementor-align-center elementor-widget elementor-widget-button\" data-id=\"1fbe3b6\" data-element_type=\"widget\" data-widget_type=\"button.default\">\n\t\t\t\t<div class=\"elementor-widget-container\">\n\t\t\t\t\t<div class=\"elementor-button-wrapper\">\n\t\t\t<a class=\"elementor-button elementor-button-link elementor-size-md\" href=\"https:\/\/www.rhodius-copacking.com\/de\/\" target=\"_blank\">\n\t\t\t\t\t\t<span class=\"elementor-button-content-wrapper\">\n\t\t\t\t\t\t<span class=\"elementor-button-text\">MEHR ERFAHREN<\/span>\n\t\t<\/span>\n\t\t\t\t\t<\/a>\n\t\t<\/div>\n\t\t\t\t<\/div>\n\t\t\t\t<\/div>\n\t\t\t\t\t<\/div>\n\t\t<\/div>\n\t\t\t\t\t\t\t<\/div>\n\t\t<\/section>\n\t\t\t\t\t\t\t<\/div>\n\t\t","protected":false},"excerpt":{"rendered":"<p>Ihr Experte f\u00fcr Dosenabf\u00fcllung WENN ES UM LOHNABF\u00dcLLUNG GEHT GILT: YOUR\u00a0BRAND. OUR\u00a0PASSION. Unser Full-Service geht \u00fcber das reine Produkt weit hinaus: Sie bekommen von uns ein &#8222;all-in-packet&#8220; mit offener, reaktionsschneller Kommunikation und Beratung \u2013 und zwar stets mit einem pers\u00f6nlichen Ansprechpartner. So profitieren Sie ohne Umwege von der direkten Zusammenarbeit mit Experten im Bereich Co-Packing, [&hellip;]<\/p>\n","protected":false},"author":1,"featured_media":0,"parent":0,"menu_order":50,"comment_status":"closed","ping_status":"closed","template":"","meta":{"footnotes":""},"_links":{"self":[{"href":"https:\/\/test-wp.rhodius-mineralquellen.de\/de\/wp-json\/wp\/v2\/pages\/34"}],"collection":[{"href":"https:\/\/test-wp.rhodius-mineralquellen.de\/de\/wp-json\/wp\/v2\/pages"}],"about":[{"href":"https:\/\/test-wp.rhodius-mineralquellen.de\/de\/wp-json\/wp\/v2\/types\/page"}],"author":[{"embeddable":true,"href":"https:\/\/test-wp.rhodius-mineralquellen.de\/de\/wp-json\/wp\/v2\/users\/1"}],"replies":[{"embeddable":true,"href":"https:\/\/test-wp.rhodius-mineralquellen.de\/de\/wp-json\/wp\/v2\/comments?post=34"}],"version-history":[{"count":36,"href":"https:\/\/test-wp.rhodius-mineralquellen.de\/de\/wp-json\/wp\/v2\/pages\/34\/revisions"}],"predecessor-version":[{"id":1212,"href":"https:\/\/test-wp.rhodius-mineralquellen.de\/de\/wp-json\/wp\/v2\/pages\/34\/revisions\/1212"}],"wp:attachment":[{"href":"https:\/\/test-wp.rhodius-mineralquellen.de\/de\/wp-json\/wp\/v2\/media?parent=34"}],"curies":[{"name":"wp","href":"https:\/\/api.w.org\/{rel}","templated":true}]}}