{"id":38,"date":"2020-06-05T07:26:39","date_gmt":"2020-06-05T05:26:39","guid":{"rendered":"https:\/\/test-wp.rhodius-mineralquellen.de\/?page_id=38"},"modified":"2020-12-23T14:43:36","modified_gmt":"2020-12-23T13:43:36","slug":"impressum","status":"publish","type":"page","link":"https:\/\/test-wp.rhodius-mineralquellen.de\/de\/impressum\/","title":{"rendered":"Impressum"},"content":{"rendered":"\t\t<div data-elementor-type=\"wp-page\" data-elementor-id=\"38\" class=\"elementor elementor-38\">\n\t\t\t\t\t\t\t\t\t<section class=\"elementor-section elementor-top-section elementor-element elementor-element-b958e2f elementor-section-boxed elementor-section-height-default elementor-section-height-default\" data-id=\"b958e2f\" data-element_type=\"section\" data-settings=\"{&quot;background_background&quot;:&quot;classic&quot;}\">\n\t\t\t\t\t\t<div class=\"elementor-container elementor-column-gap-default\">\n\t\t\t\t\t<div class=\"elementor-column elementor-col-100 elementor-top-column elementor-element elementor-element-dc5d61d\" data-id=\"dc5d61d\" data-element_type=\"column\">\n\t\t\t<div class=\"elementor-widget-wrap elementor-element-populated\">\n\t\t\t\t\t\t\t\t<div class=\"elementor-element elementor-element-a318d3b elementor-widget elementor-widget-heading\" data-id=\"a318d3b\" data-element_type=\"widget\" data-widget_type=\"heading.default\">\n\t\t\t\t<div class=\"elementor-widget-container\">\n\t\t\t<h1 class=\"elementor-heading-title elementor-size-default\">Impressum<\/h1>\t\t<\/div>\n\t\t\t\t<\/div>\n\t\t\t\t\t<\/div>\n\t\t<\/div>\n\t\t\t\t\t\t\t<\/div>\n\t\t<\/section>\n\t\t\t\t<section class=\"elementor-section elementor-top-section elementor-element elementor-element-288f531 elementor-section-boxed elementor-section-height-default elementor-section-height-default\" data-id=\"288f531\" data-element_type=\"section\" data-settings=\"{&quot;background_background&quot;:&quot;classic&quot;}\">\n\t\t\t\t\t\t<div class=\"elementor-container elementor-column-gap-default\">\n\t\t\t\t\t<div class=\"elementor-column elementor-col-100 elementor-top-column elementor-element elementor-element-52b9a6f\" data-id=\"52b9a6f\" data-element_type=\"column\">\n\t\t\t<div class=\"elementor-widget-wrap elementor-element-populated\">\n\t\t\t\t\t\t\t\t<div class=\"elementor-element elementor-element-71871a8 elementor-widget elementor-widget-text-editor\" data-id=\"71871a8\" data-element_type=\"widget\" data-widget_type=\"text-editor.default\">\n\t\t\t\t<div class=\"elementor-widget-container\">\n\t\t\t\t\t\t\t<p><b>RHODIUS Mineralquellen und Getr\u00e4nke GmbH &amp; Co. KG<br \/><\/b>Brohltalstra\u00dfe 2<br \/>D-56659 Burgbrohl<br \/>Deutschland<\/p><p>Tel.: +49 (0)2636 \/ 920-100<br \/>Fax: +49 (0)2636 \/ 920-116<br \/>E-Mail:\u00a0<a href=\"mailto:info@rhodius-mineralquellen.de\">info@rhodius-mineralquellen.de<\/a><br \/>Internet: www.rhodius.de<\/p><p><strong>Inhaltlich Verantwortlicher gem. \u00a755 Abs. 2 Rundfunkstaatsvertrag:\u00a0<\/strong>Frauke Helf<\/p><p><strong>Gerichtsstand:\u00a0<\/strong>Amtsgericht Koblenz<\/p><p><strong>Handelsregister Nr.:\u00a0<\/strong>Amtsgericht Koblenz, HRA 10314<\/p><p><strong>Umsatzsteuer ID-NR.:\u00a0<\/strong>DE 147 924 009<\/p><p><strong>Vertretungsberechtigte pers\u00f6nlich haftende Gesellschafterin:<\/strong><br \/>Rhodius Mineralquellen und Getr\u00e4nke Verwaltungsges. mbH, Burgbrohl,<br \/>eingetragen beim Amtsgericht Koblenz B 11610<\/p><p><strong>Vertretungsberechtigte Gesch\u00e4ftsf\u00fchrer der pers\u00f6nlich haftenden Gesellschafterin:<\/strong><br \/>Frauke Helf, Rolf H\u00fcbner, Hannes Tack<\/p>\t\t\t\t\t\t<\/div>\n\t\t\t\t<\/div>\n\t\t\t\t<div class=\"elementor-element elementor-element-731c66b elementor-widget elementor-widget-heading\" data-id=\"731c66b\" data-element_type=\"widget\" data-widget_type=\"heading.default\">\n\t\t\t\t<div class=\"elementor-widget-container\">\n\t\t\t<h1 class=\"elementor-heading-title elementor-size-default\">Haftung f\u00fcr Inhalte<\/h1>\t\t<\/div>\n\t\t\t\t<\/div>\n\t\t\t\t<div class=\"elementor-element elementor-element-51cb6db elementor-widget elementor-widget-text-editor\" data-id=\"51cb6db\" data-element_type=\"widget\" data-widget_type=\"text-editor.default\">\n\t\t\t\t<div class=\"elementor-widget-container\">\n\t\t\t\t\t\t\t<p>Die Inhalte unserer Seiten wurden mit gr\u00f6\u00dfter Sorgfalt erstellt. <br>F\u00fcr die Richtigkeit, Vollst\u00e4ndigkeit und Aktualit\u00e4t der Inhalte k\u00f6nnen wir jedoch keine Gew\u00e4hr \u00fcbernehmen.<\/p>\n<p>Als Diensteanbieter sind wir gem\u00e4\u00df \u00a7 6 Abs.1 MDStV und \u00a7 8 Abs.1 TDG f\u00fcr eigene Inhalte auf diesen Seiten nach den allgemeinen Gesetzen verantwortlich. Diensteanbieter sind jedoch nicht verpflichtet, die von ihnen \u00fcbermittelten oder gespeicherten fremden Informationen zu \u00fcberwachen oder nach Umst\u00e4nden zu forschen, die auf eine rechtswidrige T\u00e4tigkeit hinweisen. Verpflichtungen zur Entfernung oder Sperrung der Nutzung von Informationen nach den allgemeinen Gesetzen bleiben hiervon unber\u00fchrt. Eine diesbez\u00fcgliche Haftung ist jedoch erst ab dem Zeitpunkt der Kenntnis einer konkreten Rechtsverletzung m\u00f6glich. Bei bekannt werden von entsprechenden Rechtsverletzungen werden wir diese Inhalte umgehend entfernen.<\/p>\t\t\t\t\t\t<\/div>\n\t\t\t\t<\/div>\n\t\t\t\t\t<\/div>\n\t\t<\/div>\n\t\t\t\t\t\t\t<\/div>\n\t\t<\/section>\n\t\t\t\t\t\t\t<\/div>\n\t\t","protected":false},"excerpt":{"rendered":"<p>Impressum RHODIUS Mineralquellen und Getr\u00e4nke GmbH &amp; Co. KGBrohltalstra\u00dfe 2D-56659 BurgbrohlDeutschland Tel.: +49 (0)2636 \/ 920-100Fax: +49 (0)2636 \/ 920-116E-Mail:\u00a0info@rhodius-mineralquellen.deInternet: www.rhodius.de Inhaltlich Verantwortlicher gem. \u00a755 Abs. 2 Rundfunkstaatsvertrag:\u00a0Frauke Helf Gerichtsstand:\u00a0Amtsgericht Koblenz Handelsregister Nr.:\u00a0Amtsgericht Koblenz, HRA 10314 Umsatzsteuer ID-NR.:\u00a0DE 147 924 009 Vertretungsberechtigte pers\u00f6nlich haftende Gesellschafterin:Rhodius Mineralquellen und Getr\u00e4nke Verwaltungsges. mbH, Burgbrohl,eingetragen beim Amtsgericht Koblenz B [&hellip;]<\/p>\n","protected":false},"author":1,"featured_media":0,"parent":0,"menu_order":200,"comment_status":"closed","ping_status":"closed","template":"","meta":{"footnotes":""},"_links":{"self":[{"href":"https:\/\/test-wp.rhodius-mineralquellen.de\/de\/wp-json\/wp\/v2\/pages\/38"}],"collection":[{"href":"https:\/\/test-wp.rhodius-mineralquellen.de\/de\/wp-json\/wp\/v2\/pages"}],"about":[{"href":"https:\/\/test-wp.rhodius-mineralquellen.de\/de\/wp-json\/wp\/v2\/types\/page"}],"author":[{"embeddable":true,"href":"https:\/\/test-wp.rhodius-mineralquellen.de\/de\/wp-json\/wp\/v2\/users\/1"}],"replies":[{"embeddable":true,"href":"https:\/\/test-wp.rhodius-mineralquellen.de\/de\/wp-json\/wp\/v2\/comments?post=38"}],"version-history":[{"count":15,"href":"https:\/\/test-wp.rhodius-mineralquellen.de\/de\/wp-json\/wp\/v2\/pages\/38\/revisions"}],"predecessor-version":[{"id":740,"href":"https:\/\/test-wp.rhodius-mineralquellen.de\/de\/wp-json\/wp\/v2\/pages\/38\/revisions\/740"}],"wp:attachment":[{"href":"https:\/\/test-wp.rhodius-mineralquellen.de\/de\/wp-json\/wp\/v2\/media?parent=38"}],"curies":[{"name":"wp","href":"https:\/\/api.w.org\/{rel}","templated":true}]}}