{"id":7,"date":"2020-06-04T14:47:12","date_gmt":"2020-06-04T12:47:12","guid":{"rendered":"https:\/\/test-wp.rhodius-mineralquellen.de\/?page_id=7"},"modified":"2021-04-01T08:51:59","modified_gmt":"2021-04-01T06:51:59","slug":"startseite","status":"publish","type":"page","link":"https:\/\/test-wp.rhodius-mineralquellen.de\/de\/","title":{"rendered":"Startseite"},"content":{"rendered":"\t\t<div data-elementor-type=\"wp-page\" data-elementor-id=\"7\" class=\"elementor elementor-7\">\n\t\t\t\t\t\t\t\t\t<section class=\"elementor-section elementor-top-section elementor-element elementor-element-9e8ad49 elementor-section-full_width elementor-section-height-default elementor-section-height-default\" data-id=\"9e8ad49\" data-element_type=\"section\" id=\"home-img\" data-settings=\"{&quot;background_background&quot;:&quot;classic&quot;}\">\n\t\t\t\t\t\t<div class=\"elementor-container elementor-column-gap-default\">\n\t\t\t\t\t<div class=\"elementor-column elementor-col-100 elementor-top-column elementor-element elementor-element-7711421\" data-id=\"7711421\" data-element_type=\"column\">\n\t\t\t<div class=\"elementor-widget-wrap elementor-element-populated\">\n\t\t\t\t\t\t\t\t<section class=\"elementor-section elementor-inner-section elementor-element elementor-element-2e298a7 elementor-section-boxed elementor-section-height-default elementor-section-height-default\" data-id=\"2e298a7\" data-element_type=\"section\">\n\t\t\t\t\t\t<div class=\"elementor-container elementor-column-gap-default\">\n\t\t\t\t\t<div class=\"elementor-column elementor-col-33 elementor-inner-column elementor-element elementor-element-887d4bb\" data-id=\"887d4bb\" data-element_type=\"column\">\n\t\t\t<div class=\"elementor-widget-wrap elementor-element-populated\">\n\t\t\t\t\t\t\t\t<div class=\"elementor-element elementor-element-04cec3a elementor-widget elementor-widget-heading\" data-id=\"04cec3a\" data-element_type=\"widget\" data-widget_type=\"heading.default\">\n\t\t\t\t<div class=\"elementor-widget-container\">\n\t\t\t<h2 class=\"elementor-heading-title elementor-size-default\"><a href=\"https:\/\/test-wp.rhodius-mineralquellen.de\/marken\/\">Marken<\/a><\/h2>\t\t<\/div>\n\t\t\t\t<\/div>\n\t\t\t\t<div class=\"elementor-element elementor-element-98e853d elementor-widget elementor-widget-text-editor\" data-id=\"98e853d\" data-element_type=\"widget\" data-widget_type=\"text-editor.default\">\n\t\t\t\t<div class=\"elementor-widget-container\">\n\t\t\t\t\t\t\t<p>Unser Marken- und Produktportfolio umfasst eine gro\u00dfe Vielfalt alkoholfreier Getr\u00e4nke.<br \/>Von Mineralwassermarken bis hin zu hippen Erfrischungsgetr\u00e4nken, regional wie national.<\/p>\t\t\t\t\t\t<\/div>\n\t\t\t\t<\/div>\n\t\t\t\t\t<\/div>\n\t\t<\/div>\n\t\t\t\t<div class=\"elementor-column elementor-col-33 elementor-inner-column elementor-element elementor-element-8b3dd27\" data-id=\"8b3dd27\" data-element_type=\"column\">\n\t\t\t<div class=\"elementor-widget-wrap elementor-element-populated\">\n\t\t\t\t\t\t\t\t<div class=\"elementor-element elementor-element-c67f0b6 elementor-widget elementor-widget-heading\" data-id=\"c67f0b6\" data-element_type=\"widget\" data-widget_type=\"heading.default\">\n\t\t\t\t<div class=\"elementor-widget-container\">\n\t\t\t<h2 class=\"elementor-heading-title elementor-size-default\"><a href=\"https:\/\/test-wp.rhodius-mineralquellen.de\/gastronomie\/\">Gastronomie<\/a><\/h2>\t\t<\/div>\n\t\t\t\t<\/div>\n\t\t\t\t<div class=\"elementor-element elementor-element-027d5bb elementor-widget elementor-widget-text-editor\" data-id=\"027d5bb\" data-element_type=\"widget\" data-widget_type=\"text-editor.default\">\n\t\t\t\t<div class=\"elementor-widget-container\">\n\t\t\t\t\t\t\t<p>Als langj\u00e4hriger Partner des Getr\u00e4nke-fachgro\u00dfhandels und der Gastronomie mit jahrzehntelanger Erfahrung im Bereich Premix- und Postmix-Zapftechnik verstehen wir die Belange und Anspr\u00fcche der Gastronomen.<\/p>\t\t\t\t\t\t<\/div>\n\t\t\t\t<\/div>\n\t\t\t\t\t<\/div>\n\t\t<\/div>\n\t\t\t\t<div class=\"elementor-column elementor-col-33 elementor-inner-column elementor-element elementor-element-10f1ff0\" data-id=\"10f1ff0\" data-element_type=\"column\">\n\t\t\t<div class=\"elementor-widget-wrap elementor-element-populated\">\n\t\t\t\t\t\t\t\t<div class=\"elementor-element elementor-element-41cbe7d elementor-widget elementor-widget-heading\" data-id=\"41cbe7d\" data-element_type=\"widget\" data-widget_type=\"heading.default\">\n\t\t\t\t<div class=\"elementor-widget-container\">\n\t\t\t<h2 class=\"elementor-heading-title elementor-size-default\"><a href=\"https:\/\/test-wp.rhodius-mineralquellen.de\/lohnabfuellung\/\">Lohnabf\u00fcllung<\/a><\/h2>\t\t<\/div>\n\t\t\t\t<\/div>\n\t\t\t\t<div class=\"elementor-element elementor-element-4241ddd elementor-widget elementor-widget-text-editor\" data-id=\"4241ddd\" data-element_type=\"widget\" data-widget_type=\"text-editor.default\">\n\t\t\t\t<div class=\"elementor-widget-container\">\n\t\t\t\t\t\t\t<p>Wir sind in der Getr\u00e4nkebranche als Lohnabf\u00fcller und Produzent ein verl\u00e4sslicher Partner f\u00fcr Industrie und Handel. Mit modernster Infrastruktur f\u00fcllen wir j\u00e4hrlich \u00fcber 400 Millionen Getr\u00e4nkedosen f\u00fcr internationale, nationale und regionale Unternehmen ab.<\/p>\t\t\t\t\t\t<\/div>\n\t\t\t\t<\/div>\n\t\t\t\t\t<\/div>\n\t\t<\/div>\n\t\t\t\t\t\t\t<\/div>\n\t\t<\/section>\n\t\t\t\t\t<\/div>\n\t\t<\/div>\n\t\t\t\t\t\t\t<\/div>\n\t\t<\/section>\n\t\t\t\t\t\t\t<\/div>\n\t\t","protected":false},"excerpt":{"rendered":"<p>Marken Unser Marken- und Produktportfolio umfasst eine gro\u00dfe Vielfalt alkoholfreier Getr\u00e4nke.Von Mineralwassermarken bis hin zu hippen Erfrischungsgetr\u00e4nken, regional wie national. Gastronomie Als langj\u00e4hriger Partner des Getr\u00e4nke-fachgro\u00dfhandels und der Gastronomie mit jahrzehntelanger Erfahrung im Bereich Premix- und Postmix-Zapftechnik verstehen wir die Belange und Anspr\u00fcche der Gastronomen. Lohnabf\u00fcllung Wir sind in der Getr\u00e4nkebranche als Lohnabf\u00fcller und Produzent [&hellip;]<\/p>\n","protected":false},"author":1,"featured_media":0,"parent":0,"menu_order":0,"comment_status":"closed","ping_status":"closed","template":"","meta":{"footnotes":""},"_links":{"self":[{"href":"https:\/\/test-wp.rhodius-mineralquellen.de\/de\/wp-json\/wp\/v2\/pages\/7"}],"collection":[{"href":"https:\/\/test-wp.rhodius-mineralquellen.de\/de\/wp-json\/wp\/v2\/pages"}],"about":[{"href":"https:\/\/test-wp.rhodius-mineralquellen.de\/de\/wp-json\/wp\/v2\/types\/page"}],"author":[{"embeddable":true,"href":"https:\/\/test-wp.rhodius-mineralquellen.de\/de\/wp-json\/wp\/v2\/users\/1"}],"replies":[{"embeddable":true,"href":"https:\/\/test-wp.rhodius-mineralquellen.de\/de\/wp-json\/wp\/v2\/comments?post=7"}],"version-history":[{"count":114,"href":"https:\/\/test-wp.rhodius-mineralquellen.de\/de\/wp-json\/wp\/v2\/pages\/7\/revisions"}],"predecessor-version":[{"id":1050,"href":"https:\/\/test-wp.rhodius-mineralquellen.de\/de\/wp-json\/wp\/v2\/pages\/7\/revisions\/1050"}],"wp:attachment":[{"href":"https:\/\/test-wp.rhodius-mineralquellen.de\/de\/wp-json\/wp\/v2\/media?parent=7"}],"curies":[{"name":"wp","href":"https:\/\/api.w.org\/{rel}","templated":true}]}}